{"id":136,"date":"2020-07-13T00:15:29","date_gmt":"2020-07-13T05:15:29","guid":{"rendered":"https:\/\/tienda.drjuandavidaristizabal.com\/?post_type=product&#038;p=136"},"modified":"2026-02-04T14:08:29","modified_gmt":"2026-02-04T19:08:29","slug":"laxessens","status":"publish","type":"product","link":"https:\/\/tienda.drjuandavidaristizabal.com\/?product=laxessens","title":{"rendered":"LAXESSENS"},"content":{"rendered":"<p>Caja por 30 c\u00e1psulas. Uso terap\u00e9utico: Laxante.<\/p>\n<p>Soluci\u00f3n inmediata para un buen manejo integrativo y funcional de las disfunciones del sistema digestivo.<\/p>\n<p>Principios activos: Extracto seco de c\u00e1scara sagrada, polvo de Isp\u00e1gula, polvo de ra\u00edz de ruibarbo y polvo de hojas de sen.<\/p>\n<p>\u2022 La c\u00e1scara sagrada es un laxante natural que proviene de la corteza del \u00e1rbol Rhamnus purshiana.<br \/>\n\u2022 El polvo de isp\u00e1gula se usa como un laxante y para suavizar las heces en las personas con hemorroides, fisuras del ano o que han tenido una cirug\u00eda del ano. Se usa tambi\u00e9n para la diarrea, el s\u00edndrome del intestino irritable para la colitis ulcerosa y la disenter\u00eda.<br \/>\n\u2022 El ruibarbo es planta vivaz que procede de las monta\u00f1as del oeste de China y del Tibet oriental.<br \/>\n\u2022 Polvo de hojas de sen esta indicado para el estre\u00f1imiento,la fisura anal, hemorroides y otras afecciones recto-anales. El efecto laxante de las hojas est\u00e1 avalado por estudios cl\u00ednicos.<\/p>\n<p>Registro Invima PFM2012-0001946<\/p>\n","protected":false},"excerpt":{"rendered":"<p>Caja por 30 c\u00e1psulas. Uso terap\u00e9utico: Laxante.<\/p>\n","protected":false},"featured_media":137,"template":"","meta":[],"product_brand":[],"product_cat":[24,88],"product_tag":[51,54,52,53],"class_list":{"0":"post-136","1":"product","2":"type-product","3":"status-publish","4":"has-post-thumbnail","6":"product_cat-digestivo","7":"product_cat-nutrabiotics","8":"product_tag-cascara-sagrada","9":"product_tag-hojas-de-sen","10":"product_tag-ispagula","11":"product_tag-ruibarbo","13":"first","14":"instock","15":"purchasable","16":"product-type-simple"},"yoast_head":"<!-- This site is optimized with the Yoast SEO plugin v26.0 - https:\/\/yoast.com\/wordpress\/plugins\/seo\/ -->\n<title>LAXESSENS - Dr Juan David Aristizabal<\/title>\n<meta name=\"robots\" content=\"index, follow, max-snippet:-1, max-image-preview:large, max-video-preview:-1\" \/>\n<link rel=\"canonical\" href=\"https:\/\/tienda.drjuandavidaristizabal.com\/?product=laxessens\" \/>\n<meta property=\"og:locale\" content=\"es_MX\" \/>\n<meta property=\"og:type\" content=\"article\" \/>\n<meta property=\"og:title\" content=\"LAXESSENS - Dr Juan David Aristizabal\" \/>\n<meta property=\"og:description\" content=\"Caja por 30 c\u00e1psulas. Uso terap\u00e9utico: Laxante.\" \/>\n<meta property=\"og:url\" content=\"https:\/\/tienda.drjuandavidaristizabal.com\/?product=laxessens\" \/>\n<meta property=\"og:site_name\" content=\"Dr Juan David Aristizabal\" \/>\n<meta property=\"article:modified_time\" content=\"2026-02-04T19:08:29+00:00\" \/>\n<meta property=\"og:image\" content=\"https:\/\/tienda.drjuandavidaristizabal.com\/wp-content\/uploads\/2020\/07\/49_Laxessens_Publico.png\" \/>\n\t<meta property=\"og:image:width\" content=\"1024\" \/>\n\t<meta property=\"og:image:height\" content=\"1024\" \/>\n\t<meta property=\"og:image:type\" content=\"image\/png\" \/>\n<meta name=\"twitter:card\" content=\"summary_large_image\" \/>\n<meta name=\"twitter:label1\" content=\"Tiempo de lectura\" \/>\n\t<meta name=\"twitter:data1\" content=\"1 minuto\" \/>\n<script type=\"application\/ld+json\" class=\"yoast-schema-graph\">{\"@context\":\"https:\/\/schema.org\",\"@graph\":[{\"@type\":\"WebPage\",\"@id\":\"https:\/\/tienda.drjuandavidaristizabal.com\/?product=laxessens\",\"url\":\"https:\/\/tienda.drjuandavidaristizabal.com\/?product=laxessens\",\"name\":\"LAXESSENS - Dr Juan David Aristizabal\",\"isPartOf\":{\"@id\":\"https:\/\/tienda.drjuandavidaristizabal.com\/#website\"},\"primaryImageOfPage\":{\"@id\":\"https:\/\/tienda.drjuandavidaristizabal.com\/?product=laxessens#primaryimage\"},\"image\":{\"@id\":\"https:\/\/tienda.drjuandavidaristizabal.com\/?product=laxessens#primaryimage\"},\"thumbnailUrl\":\"https:\/\/tienda.drjuandavidaristizabal.com\/wp-content\/uploads\/2020\/07\/49_Laxessens_Publico.png\",\"datePublished\":\"2020-07-13T05:15:29+00:00\",\"dateModified\":\"2026-02-04T19:08:29+00:00\",\"breadcrumb\":{\"@id\":\"https:\/\/tienda.drjuandavidaristizabal.com\/?product=laxessens#breadcrumb\"},\"inLanguage\":\"es\",\"potentialAction\":[{\"@type\":\"ReadAction\",\"target\":[\"https:\/\/tienda.drjuandavidaristizabal.com\/?product=laxessens\"]}]},{\"@type\":\"ImageObject\",\"inLanguage\":\"es\",\"@id\":\"https:\/\/tienda.drjuandavidaristizabal.com\/?product=laxessens#primaryimage\",\"url\":\"https:\/\/tienda.drjuandavidaristizabal.com\/wp-content\/uploads\/2020\/07\/49_Laxessens_Publico.png\",\"contentUrl\":\"https:\/\/tienda.drjuandavidaristizabal.com\/wp-content\/uploads\/2020\/07\/49_Laxessens_Publico.png\",\"width\":1024,\"height\":1024,\"caption\":\"LAXESSENS\"},{\"@type\":\"BreadcrumbList\",\"@id\":\"https:\/\/tienda.drjuandavidaristizabal.com\/?product=laxessens#breadcrumb\",\"itemListElement\":[{\"@type\":\"ListItem\",\"position\":1,\"name\":\"Inicio\",\"item\":\"https:\/\/tienda.drjuandavidaristizabal.com\/\"},{\"@type\":\"ListItem\",\"position\":2,\"name\":\"Tienda\",\"item\":\"https:\/\/tienda.drjuandavidaristizabal.com\/?page_id=6\"},{\"@type\":\"ListItem\",\"position\":3,\"name\":\"LAXESSENS\"}]},{\"@type\":\"WebSite\",\"@id\":\"https:\/\/tienda.drjuandavidaristizabal.com\/#website\",\"url\":\"https:\/\/tienda.drjuandavidaristizabal.com\/\",\"name\":\"Dr Juan David Aristizabal\",\"description\":\"Tienda online\",\"publisher\":{\"@id\":\"https:\/\/tienda.drjuandavidaristizabal.com\/#organization\"},\"potentialAction\":[{\"@type\":\"SearchAction\",\"target\":{\"@type\":\"EntryPoint\",\"urlTemplate\":\"https:\/\/tienda.drjuandavidaristizabal.com\/?s={search_term_string}\"},\"query-input\":{\"@type\":\"PropertyValueSpecification\",\"valueRequired\":true,\"valueName\":\"search_term_string\"}}],\"inLanguage\":\"es\"},{\"@type\":\"Organization\",\"@id\":\"https:\/\/tienda.drjuandavidaristizabal.com\/#organization\",\"name\":\"Dr Juan David Aristizabal\",\"url\":\"https:\/\/tienda.drjuandavidaristizabal.com\/\",\"logo\":{\"@type\":\"ImageObject\",\"inLanguage\":\"es\",\"@id\":\"https:\/\/tienda.drjuandavidaristizabal.com\/#\/schema\/logo\/image\/\",\"url\":\"https:\/\/tienda.drjuandavidaristizabal.com\/wp-content\/uploads\/2020\/07\/Logo_JuanDavidAristizabal_2019PNG.png\",\"contentUrl\":\"https:\/\/tienda.drjuandavidaristizabal.com\/wp-content\/uploads\/2020\/07\/Logo_JuanDavidAristizabal_2019PNG.png\",\"width\":1200,\"height\":422,\"caption\":\"Dr Juan David Aristizabal\"},\"image\":{\"@id\":\"https:\/\/tienda.drjuandavidaristizabal.com\/#\/schema\/logo\/image\/\"}}]}<\/script>\n<!-- \/ Yoast SEO plugin. -->","yoast_head_json":{"title":"LAXESSENS - Dr Juan David Aristizabal","robots":{"index":"index","follow":"follow","max-snippet":"max-snippet:-1","max-image-preview":"max-image-preview:large","max-video-preview":"max-video-preview:-1"},"canonical":"https:\/\/tienda.drjuandavidaristizabal.com\/?product=laxessens","og_locale":"es_MX","og_type":"article","og_title":"LAXESSENS - Dr Juan David Aristizabal","og_description":"Caja por 30 c\u00e1psulas. Uso terap\u00e9utico: Laxante.","og_url":"https:\/\/tienda.drjuandavidaristizabal.com\/?product=laxessens","og_site_name":"Dr Juan David Aristizabal","article_modified_time":"2026-02-04T19:08:29+00:00","og_image":[{"width":1024,"height":1024,"url":"https:\/\/tienda.drjuandavidaristizabal.com\/wp-content\/uploads\/2020\/07\/49_Laxessens_Publico.png","type":"image\/png"}],"twitter_card":"summary_large_image","twitter_misc":{"Tiempo de lectura":"1 minuto"},"schema":{"@context":"https:\/\/schema.org","@graph":[{"@type":"WebPage","@id":"https:\/\/tienda.drjuandavidaristizabal.com\/?product=laxessens","url":"https:\/\/tienda.drjuandavidaristizabal.com\/?product=laxessens","name":"LAXESSENS - Dr Juan David Aristizabal","isPartOf":{"@id":"https:\/\/tienda.drjuandavidaristizabal.com\/#website"},"primaryImageOfPage":{"@id":"https:\/\/tienda.drjuandavidaristizabal.com\/?product=laxessens#primaryimage"},"image":{"@id":"https:\/\/tienda.drjuandavidaristizabal.com\/?product=laxessens#primaryimage"},"thumbnailUrl":"https:\/\/tienda.drjuandavidaristizabal.com\/wp-content\/uploads\/2020\/07\/49_Laxessens_Publico.png","datePublished":"2020-07-13T05:15:29+00:00","dateModified":"2026-02-04T19:08:29+00:00","breadcrumb":{"@id":"https:\/\/tienda.drjuandavidaristizabal.com\/?product=laxessens#breadcrumb"},"inLanguage":"es","potentialAction":[{"@type":"ReadAction","target":["https:\/\/tienda.drjuandavidaristizabal.com\/?product=laxessens"]}]},{"@type":"ImageObject","inLanguage":"es","@id":"https:\/\/tienda.drjuandavidaristizabal.com\/?product=laxessens#primaryimage","url":"https:\/\/tienda.drjuandavidaristizabal.com\/wp-content\/uploads\/2020\/07\/49_Laxessens_Publico.png","contentUrl":"https:\/\/tienda.drjuandavidaristizabal.com\/wp-content\/uploads\/2020\/07\/49_Laxessens_Publico.png","width":1024,"height":1024,"caption":"LAXESSENS"},{"@type":"BreadcrumbList","@id":"https:\/\/tienda.drjuandavidaristizabal.com\/?product=laxessens#breadcrumb","itemListElement":[{"@type":"ListItem","position":1,"name":"Inicio","item":"https:\/\/tienda.drjuandavidaristizabal.com\/"},{"@type":"ListItem","position":2,"name":"Tienda","item":"https:\/\/tienda.drjuandavidaristizabal.com\/?page_id=6"},{"@type":"ListItem","position":3,"name":"LAXESSENS"}]},{"@type":"WebSite","@id":"https:\/\/tienda.drjuandavidaristizabal.com\/#website","url":"https:\/\/tienda.drjuandavidaristizabal.com\/","name":"Dr Juan David Aristizabal","description":"Tienda online","publisher":{"@id":"https:\/\/tienda.drjuandavidaristizabal.com\/#organization"},"potentialAction":[{"@type":"SearchAction","target":{"@type":"EntryPoint","urlTemplate":"https:\/\/tienda.drjuandavidaristizabal.com\/?s={search_term_string}"},"query-input":{"@type":"PropertyValueSpecification","valueRequired":true,"valueName":"search_term_string"}}],"inLanguage":"es"},{"@type":"Organization","@id":"https:\/\/tienda.drjuandavidaristizabal.com\/#organization","name":"Dr Juan David Aristizabal","url":"https:\/\/tienda.drjuandavidaristizabal.com\/","logo":{"@type":"ImageObject","inLanguage":"es","@id":"https:\/\/tienda.drjuandavidaristizabal.com\/#\/schema\/logo\/image\/","url":"https:\/\/tienda.drjuandavidaristizabal.com\/wp-content\/uploads\/2020\/07\/Logo_JuanDavidAristizabal_2019PNG.png","contentUrl":"https:\/\/tienda.drjuandavidaristizabal.com\/wp-content\/uploads\/2020\/07\/Logo_JuanDavidAristizabal_2019PNG.png","width":1200,"height":422,"caption":"Dr Juan David Aristizabal"},"image":{"@id":"https:\/\/tienda.drjuandavidaristizabal.com\/#\/schema\/logo\/image\/"}}]}},"_links":{"self":[{"href":"https:\/\/tienda.drjuandavidaristizabal.com\/index.php?rest_route=\/wp\/v2\/product\/136","targetHints":{"allow":["GET"]}}],"collection":[{"href":"https:\/\/tienda.drjuandavidaristizabal.com\/index.php?rest_route=\/wp\/v2\/product"}],"about":[{"href":"https:\/\/tienda.drjuandavidaristizabal.com\/index.php?rest_route=\/wp\/v2\/types\/product"}],"wp:featuredmedia":[{"embeddable":true,"href":"https:\/\/tienda.drjuandavidaristizabal.com\/index.php?rest_route=\/wp\/v2\/media\/137"}],"wp:attachment":[{"href":"https:\/\/tienda.drjuandavidaristizabal.com\/index.php?rest_route=%2Fwp%2Fv2%2Fmedia&parent=136"}],"wp:term":[{"taxonomy":"product_brand","embeddable":true,"href":"https:\/\/tienda.drjuandavidaristizabal.com\/index.php?rest_route=%2Fwp%2Fv2%2Fproduct_brand&post=136"},{"taxonomy":"product_cat","embeddable":true,"href":"https:\/\/tienda.drjuandavidaristizabal.com\/index.php?rest_route=%2Fwp%2Fv2%2Fproduct_cat&post=136"},{"taxonomy":"product_tag","embeddable":true,"href":"https:\/\/tienda.drjuandavidaristizabal.com\/index.php?rest_route=%2Fwp%2Fv2%2Fproduct_tag&post=136"}],"curies":[{"name":"wp","href":"https:\/\/api.w.org\/{rel}","templated":true}]}}