{"id":2307,"date":"2021-06-02T09:29:30","date_gmt":"2021-06-02T14:29:30","guid":{"rendered":"https:\/\/tienda.drjuandavidaristizabal.com\/?post_type=product&#038;p=2307"},"modified":"2026-03-30T09:56:15","modified_gmt":"2026-03-30T14:56:15","slug":"renew","status":"publish","type":"product","link":"https:\/\/tienda.drjuandavidaristizabal.com\/?product=renew","title":{"rendered":"RENEW"},"content":{"rendered":"<p>\u00bfNo duermes? \u00bfSi duermes no descansas? \u00bfTe levantes en la madrugada listo para iniciar el d\u00eda? \u00bfSientes que no te puedes apagar? \u00bfDurante el d\u00eda te sientes sin energ\u00eda? \u00bfTe cuesta concentrarte? \u00bfHas subido de peso, aunque no te alimentas mal? \u00bfNo te sientes con fuerzas para hacer ejercicio? Si te identificas con alguno de estos s\u00edntomas, tu sistema nervioso podr\u00eda estar en desequilibrio.<\/p>\n<p>Renew, con su principal ingrediente, Alfa GPC (Colina), ayuda a\u00a0<strong>mejorar las consecuencias del estr\u00e9s<\/strong>. Favoreciendo<strong>\u00a0la memoria, el aprendizaje, la atenci\u00f3n, la concentraci\u00f3n<\/strong>\u00a0y le permite a tu cuerpo tener la capacidad para recuperarse, restaurarse y repararse, devolviendo el equilibrio entre tu sistema simp\u00e1tico y parasimp\u00e1tico, llev\u00e1ndote a un estado de\u00a0<strong>reparaci\u00f3n mental, muscular y a dormir mejor.<\/strong><\/p>\n","protected":false},"excerpt":{"rendered":"<ul>\n<li>Contenido en gramos 180 g<\/li>\n<li>Cantidad de sachets por caja: 30 sachets<\/li>\n<li>Tama\u00f1o de la porci\u00f3n (sachet): 6 g<\/li>\n<li>Vida \u00fatil: 12 meses<\/li>\n<li>Sabor: Lim\u00f3n<\/li>\n<\/ul>\n","protected":false},"featured_media":8060,"template":"","meta":[],"product_brand":[],"product_cat":[97],"product_tag":[],"class_list":{"0":"post-2307","1":"product","2":"type-product","3":"status-publish","4":"has-post-thumbnail","6":"product_cat-savvy","8":"first","9":"outofstock","10":"purchasable","11":"product-type-simple"},"yoast_head":"<!-- This site is optimized with the Yoast SEO plugin v26.0 - https:\/\/yoast.com\/wordpress\/plugins\/seo\/ -->\n<title>RENEW - Dr Juan David Aristizabal<\/title>\n<meta name=\"robots\" content=\"index, follow, max-snippet:-1, max-image-preview:large, max-video-preview:-1\" \/>\n<link rel=\"canonical\" href=\"https:\/\/tienda.drjuandavidaristizabal.com\/?product=renew\" \/>\n<meta property=\"og:locale\" content=\"es_MX\" \/>\n<meta property=\"og:type\" content=\"article\" \/>\n<meta property=\"og:title\" content=\"RENEW - Dr Juan David Aristizabal\" \/>\n<meta property=\"og:description\" content=\"Contenido en gramos 180 g  Cantidad de sachets por caja: 30 sachets  Tama\u00f1o de la porci\u00f3n (sachet): 6 g  Vida \u00fatil: 12 meses  Sabor: Lim\u00f3n\" \/>\n<meta property=\"og:url\" content=\"https:\/\/tienda.drjuandavidaristizabal.com\/?product=renew\" \/>\n<meta property=\"og:site_name\" content=\"Dr Juan David Aristizabal\" \/>\n<meta property=\"article:modified_time\" content=\"2026-03-30T14:56:15+00:00\" \/>\n<meta property=\"og:image\" content=\"https:\/\/tienda.drjuandavidaristizabal.com\/wp-content\/uploads\/2021\/06\/Renew_1.webp\" \/>\n\t<meta property=\"og:image:width\" content=\"700\" \/>\n\t<meta property=\"og:image:height\" content=\"700\" \/>\n\t<meta property=\"og:image:type\" content=\"image\/webp\" \/>\n<meta name=\"twitter:card\" content=\"summary_large_image\" \/>\n<meta name=\"twitter:label1\" content=\"Tiempo de lectura\" \/>\n\t<meta name=\"twitter:data1\" content=\"1 minuto\" \/>\n<script type=\"application\/ld+json\" class=\"yoast-schema-graph\">{\"@context\":\"https:\/\/schema.org\",\"@graph\":[{\"@type\":\"WebPage\",\"@id\":\"https:\/\/tienda.drjuandavidaristizabal.com\/?product=renew\",\"url\":\"https:\/\/tienda.drjuandavidaristizabal.com\/?product=renew\",\"name\":\"RENEW - Dr Juan David Aristizabal\",\"isPartOf\":{\"@id\":\"https:\/\/tienda.drjuandavidaristizabal.com\/#website\"},\"primaryImageOfPage\":{\"@id\":\"https:\/\/tienda.drjuandavidaristizabal.com\/?product=renew#primaryimage\"},\"image\":{\"@id\":\"https:\/\/tienda.drjuandavidaristizabal.com\/?product=renew#primaryimage\"},\"thumbnailUrl\":\"https:\/\/tienda.drjuandavidaristizabal.com\/wp-content\/uploads\/2021\/06\/Renew_1.webp\",\"datePublished\":\"2021-06-02T14:29:30+00:00\",\"dateModified\":\"2026-03-30T14:56:15+00:00\",\"breadcrumb\":{\"@id\":\"https:\/\/tienda.drjuandavidaristizabal.com\/?product=renew#breadcrumb\"},\"inLanguage\":\"es\",\"potentialAction\":[{\"@type\":\"ReadAction\",\"target\":[\"https:\/\/tienda.drjuandavidaristizabal.com\/?product=renew\"]}]},{\"@type\":\"ImageObject\",\"inLanguage\":\"es\",\"@id\":\"https:\/\/tienda.drjuandavidaristizabal.com\/?product=renew#primaryimage\",\"url\":\"https:\/\/tienda.drjuandavidaristizabal.com\/wp-content\/uploads\/2021\/06\/Renew_1.webp\",\"contentUrl\":\"https:\/\/tienda.drjuandavidaristizabal.com\/wp-content\/uploads\/2021\/06\/Renew_1.webp\",\"width\":700,\"height\":700},{\"@type\":\"BreadcrumbList\",\"@id\":\"https:\/\/tienda.drjuandavidaristizabal.com\/?product=renew#breadcrumb\",\"itemListElement\":[{\"@type\":\"ListItem\",\"position\":1,\"name\":\"Inicio\",\"item\":\"https:\/\/tienda.drjuandavidaristizabal.com\/\"},{\"@type\":\"ListItem\",\"position\":2,\"name\":\"Tienda\",\"item\":\"https:\/\/tienda.drjuandavidaristizabal.com\/?page_id=6\"},{\"@type\":\"ListItem\",\"position\":3,\"name\":\"RENEW\"}]},{\"@type\":\"WebSite\",\"@id\":\"https:\/\/tienda.drjuandavidaristizabal.com\/#website\",\"url\":\"https:\/\/tienda.drjuandavidaristizabal.com\/\",\"name\":\"Dr Juan David Aristizabal\",\"description\":\"Tienda online\",\"publisher\":{\"@id\":\"https:\/\/tienda.drjuandavidaristizabal.com\/#organization\"},\"potentialAction\":[{\"@type\":\"SearchAction\",\"target\":{\"@type\":\"EntryPoint\",\"urlTemplate\":\"https:\/\/tienda.drjuandavidaristizabal.com\/?s={search_term_string}\"},\"query-input\":{\"@type\":\"PropertyValueSpecification\",\"valueRequired\":true,\"valueName\":\"search_term_string\"}}],\"inLanguage\":\"es\"},{\"@type\":\"Organization\",\"@id\":\"https:\/\/tienda.drjuandavidaristizabal.com\/#organization\",\"name\":\"Dr Juan David Aristizabal\",\"url\":\"https:\/\/tienda.drjuandavidaristizabal.com\/\",\"logo\":{\"@type\":\"ImageObject\",\"inLanguage\":\"es\",\"@id\":\"https:\/\/tienda.drjuandavidaristizabal.com\/#\/schema\/logo\/image\/\",\"url\":\"https:\/\/tienda.drjuandavidaristizabal.com\/wp-content\/uploads\/2020\/07\/Logo_JuanDavidAristizabal_2019PNG.png\",\"contentUrl\":\"https:\/\/tienda.drjuandavidaristizabal.com\/wp-content\/uploads\/2020\/07\/Logo_JuanDavidAristizabal_2019PNG.png\",\"width\":1200,\"height\":422,\"caption\":\"Dr Juan David Aristizabal\"},\"image\":{\"@id\":\"https:\/\/tienda.drjuandavidaristizabal.com\/#\/schema\/logo\/image\/\"}}]}<\/script>\n<!-- \/ Yoast SEO plugin. -->","yoast_head_json":{"title":"RENEW - Dr Juan David Aristizabal","robots":{"index":"index","follow":"follow","max-snippet":"max-snippet:-1","max-image-preview":"max-image-preview:large","max-video-preview":"max-video-preview:-1"},"canonical":"https:\/\/tienda.drjuandavidaristizabal.com\/?product=renew","og_locale":"es_MX","og_type":"article","og_title":"RENEW - Dr Juan David Aristizabal","og_description":"Contenido en gramos 180 g  Cantidad de sachets por caja: 30 sachets  Tama\u00f1o de la porci\u00f3n (sachet): 6 g  Vida \u00fatil: 12 meses  Sabor: Lim\u00f3n","og_url":"https:\/\/tienda.drjuandavidaristizabal.com\/?product=renew","og_site_name":"Dr Juan David Aristizabal","article_modified_time":"2026-03-30T14:56:15+00:00","og_image":[{"width":700,"height":700,"url":"https:\/\/tienda.drjuandavidaristizabal.com\/wp-content\/uploads\/2021\/06\/Renew_1.webp","type":"image\/webp"}],"twitter_card":"summary_large_image","twitter_misc":{"Tiempo de lectura":"1 minuto"},"schema":{"@context":"https:\/\/schema.org","@graph":[{"@type":"WebPage","@id":"https:\/\/tienda.drjuandavidaristizabal.com\/?product=renew","url":"https:\/\/tienda.drjuandavidaristizabal.com\/?product=renew","name":"RENEW - Dr Juan David Aristizabal","isPartOf":{"@id":"https:\/\/tienda.drjuandavidaristizabal.com\/#website"},"primaryImageOfPage":{"@id":"https:\/\/tienda.drjuandavidaristizabal.com\/?product=renew#primaryimage"},"image":{"@id":"https:\/\/tienda.drjuandavidaristizabal.com\/?product=renew#primaryimage"},"thumbnailUrl":"https:\/\/tienda.drjuandavidaristizabal.com\/wp-content\/uploads\/2021\/06\/Renew_1.webp","datePublished":"2021-06-02T14:29:30+00:00","dateModified":"2026-03-30T14:56:15+00:00","breadcrumb":{"@id":"https:\/\/tienda.drjuandavidaristizabal.com\/?product=renew#breadcrumb"},"inLanguage":"es","potentialAction":[{"@type":"ReadAction","target":["https:\/\/tienda.drjuandavidaristizabal.com\/?product=renew"]}]},{"@type":"ImageObject","inLanguage":"es","@id":"https:\/\/tienda.drjuandavidaristizabal.com\/?product=renew#primaryimage","url":"https:\/\/tienda.drjuandavidaristizabal.com\/wp-content\/uploads\/2021\/06\/Renew_1.webp","contentUrl":"https:\/\/tienda.drjuandavidaristizabal.com\/wp-content\/uploads\/2021\/06\/Renew_1.webp","width":700,"height":700},{"@type":"BreadcrumbList","@id":"https:\/\/tienda.drjuandavidaristizabal.com\/?product=renew#breadcrumb","itemListElement":[{"@type":"ListItem","position":1,"name":"Inicio","item":"https:\/\/tienda.drjuandavidaristizabal.com\/"},{"@type":"ListItem","position":2,"name":"Tienda","item":"https:\/\/tienda.drjuandavidaristizabal.com\/?page_id=6"},{"@type":"ListItem","position":3,"name":"RENEW"}]},{"@type":"WebSite","@id":"https:\/\/tienda.drjuandavidaristizabal.com\/#website","url":"https:\/\/tienda.drjuandavidaristizabal.com\/","name":"Dr Juan David Aristizabal","description":"Tienda online","publisher":{"@id":"https:\/\/tienda.drjuandavidaristizabal.com\/#organization"},"potentialAction":[{"@type":"SearchAction","target":{"@type":"EntryPoint","urlTemplate":"https:\/\/tienda.drjuandavidaristizabal.com\/?s={search_term_string}"},"query-input":{"@type":"PropertyValueSpecification","valueRequired":true,"valueName":"search_term_string"}}],"inLanguage":"es"},{"@type":"Organization","@id":"https:\/\/tienda.drjuandavidaristizabal.com\/#organization","name":"Dr Juan David Aristizabal","url":"https:\/\/tienda.drjuandavidaristizabal.com\/","logo":{"@type":"ImageObject","inLanguage":"es","@id":"https:\/\/tienda.drjuandavidaristizabal.com\/#\/schema\/logo\/image\/","url":"https:\/\/tienda.drjuandavidaristizabal.com\/wp-content\/uploads\/2020\/07\/Logo_JuanDavidAristizabal_2019PNG.png","contentUrl":"https:\/\/tienda.drjuandavidaristizabal.com\/wp-content\/uploads\/2020\/07\/Logo_JuanDavidAristizabal_2019PNG.png","width":1200,"height":422,"caption":"Dr Juan David Aristizabal"},"image":{"@id":"https:\/\/tienda.drjuandavidaristizabal.com\/#\/schema\/logo\/image\/"}}]}},"_links":{"self":[{"href":"https:\/\/tienda.drjuandavidaristizabal.com\/index.php?rest_route=\/wp\/v2\/product\/2307","targetHints":{"allow":["GET"]}}],"collection":[{"href":"https:\/\/tienda.drjuandavidaristizabal.com\/index.php?rest_route=\/wp\/v2\/product"}],"about":[{"href":"https:\/\/tienda.drjuandavidaristizabal.com\/index.php?rest_route=\/wp\/v2\/types\/product"}],"wp:featuredmedia":[{"embeddable":true,"href":"https:\/\/tienda.drjuandavidaristizabal.com\/index.php?rest_route=\/wp\/v2\/media\/8060"}],"wp:attachment":[{"href":"https:\/\/tienda.drjuandavidaristizabal.com\/index.php?rest_route=%2Fwp%2Fv2%2Fmedia&parent=2307"}],"wp:term":[{"taxonomy":"product_brand","embeddable":true,"href":"https:\/\/tienda.drjuandavidaristizabal.com\/index.php?rest_route=%2Fwp%2Fv2%2Fproduct_brand&post=2307"},{"taxonomy":"product_cat","embeddable":true,"href":"https:\/\/tienda.drjuandavidaristizabal.com\/index.php?rest_route=%2Fwp%2Fv2%2Fproduct_cat&post=2307"},{"taxonomy":"product_tag","embeddable":true,"href":"https:\/\/tienda.drjuandavidaristizabal.com\/index.php?rest_route=%2Fwp%2Fv2%2Fproduct_tag&post=2307"}],"curies":[{"name":"wp","href":"https:\/\/api.w.org\/{rel}","templated":true}]}}