{"id":393,"date":"2020-08-20T17:51:33","date_gmt":"2020-08-20T22:51:33","guid":{"rendered":"https:\/\/tienda.drjuandavidaristizabal.com\/?post_type=product&#038;p=393"},"modified":"2026-03-05T11:50:05","modified_gmt":"2026-03-05T16:50:05","slug":"max-dream","status":"publish","type":"product","link":"https:\/\/tienda.drjuandavidaristizabal.com\/?product=max-dream","title":{"rendered":"MAX DREAM"},"content":{"rendered":"<p><span style=\"vertical-align: inherit;\"><span style=\"vertical-align: inherit;\">Frasco por 15ML<\/span><\/span><\/p>\n<p><span style=\"vertical-align: inherit;\"><span style=\"vertical-align: inherit;\">Excelente formula homeop\u00e1tica de m\u00e1s de 30 a\u00f1os, elaborada cuidadosamente.<\/span><\/span><br \/>\n<span style=\"vertical-align: inherit;\"><span style=\"vertical-align: inherit;\">Inductor del sue\u00f1o. Insomnio cr\u00f3nico<\/span><\/span><\/p>\n<ul>\n<li><strong><span style=\"vertical-align: inherit;\"><span style=\"vertical-align: inherit;\"><span style=\"vertical-align: inherit;\"><span style=\"vertical-align: inherit;\">SALVIA OFFICINALIS: Sedante<\/span><\/span><\/span><\/span><\/strong><span style=\"vertical-align: inherit;\"><span style=\"vertical-align: inherit;\"><span style=\"vertical-align: inherit;\"><span style=\"vertical-align: inherit;\"> \u00a0, ansiol\u00edtico e inductor del sue\u00f1o.<\/span><\/span><\/span><\/span><\/li>\n<li><strong><span style=\"vertical-align: inherit;\"><span style=\"vertical-align: inherit;\">PASSIFLORA INCARNATA:<\/span><\/span><\/strong><span style=\"vertical-align: inherit;\"><span style=\"vertical-align: inherit;\">\u00a0En 1985, la comisi\u00f3n E de Alemania (Gu\u00eda Terap\u00e9utica de plantas Medicinales) aprob\u00f3 oficialmente la pasilflora como un tratamiento para inquietud nerviosa. Se le considera un tratamiento moderadamente efectivo para la ansiedad y el insomnio. (Bibliograf\u00eda: NYU LangoneMediacal Center). La agencia europea del medicamento (EMA), destaca la utilidad de esta sustancia, basada en el uso tradicional, para aliviar los s\u00edntomas leves de estr\u00e9s mental y para conciliar el sue\u00f1o. Indicada en casos de intranquilidad, inquietud e irritabilidad con dificultad para conciliar el sue\u00f1o.<\/span><\/span><\/li>\n<li><strong><span style=\"vertical-align: inherit;\"><span style=\"vertical-align: inherit;\">IGNATIA AMARA :<\/span><\/span><\/strong><span style=\"vertical-align: inherit;\"><span style=\"vertical-align: inherit;\">\u00a0Remedio homeop\u00e1tico obtenido a partir del haba de san Ignacio, que es la semilla de una planta trepadora de la familia loganacea originariade Filipinas permite tratar los trastornos del sue\u00f1o relacionados con la pena, y puede ser administrado a las personas que duermen poco pero que se duermen f\u00e1cilmente en medio del ruido.<\/span><\/span><\/li>\n<li><strong><span style=\"vertical-align: inherit;\"><span style=\"vertical-align: inherit;\">VALERIANA OFFICINALIS:<\/span><\/span><\/strong><span style=\"vertical-align: inherit;\"><span style=\"vertical-align: inherit;\">Los extractos de la ra\u00edz de valeriana se utilizan principalmente como sedantes ligeros para calmar el desasosiego, la ansiedad y para superar el insomnio leve. S ha demostrado que el extracto de valeriana puede disminuir significativamente la duraci\u00f3n de la fase de conciliaci\u00f3n del sue\u00f1o, sin alterar las fases normales del mismo.<\/span><\/span><\/li>\n<li><strong><span style=\"vertical-align: inherit;\"><span style=\"vertical-align: inherit;\">COFFEA AR\u00c1BICA:<\/span><\/span><\/strong><span style=\"vertical-align: inherit;\"><span style=\"vertical-align: inherit;\">\u00a0Nombre vulgar cafe, producto originario de Arabia y Etiopia, se utiliza en los casos de actividad mental excesiva que conduce al insomnio, en homeopat\u00eda es de garn utilidad, ya que es efectiva en la actividad emocional, da sensaci\u00f3n de vigor, controla el mal humor y la c\u00f3lera, controla la irritaci\u00f3n de los ri\u00f1ones, la neuralgia y el insomnio.<\/span><\/span><\/li>\n<\/ul>\n","protected":false},"excerpt":{"rendered":"<p><span style=\"vertical-align: inherit;\"><span style=\"vertical-align: inherit;\">Frasco por 15ML<\/span><\/span><\/p>\n","protected":false},"featured_media":8092,"template":"","meta":[],"product_brand":[],"product_cat":[161],"product_tag":[157,155,154,153,156],"class_list":{"0":"post-393","1":"product","2":"type-product","3":"status-publish","4":"has-post-thumbnail","6":"product_cat-mercy","7":"product_tag-coffea-arabica","8":"product_tag-ignatia-amara","9":"product_tag-passiflora-incarnata","10":"product_tag-salvia-officinalis","11":"product_tag-valeriana-officinalis","13":"first","14":"outofstock","15":"purchasable","16":"product-type-simple"},"yoast_head":"<!-- This site is optimized with the Yoast SEO plugin v26.0 - https:\/\/yoast.com\/wordpress\/plugins\/seo\/ -->\n<title>MAX DREAM - Dr Juan David Aristizabal<\/title>\n<meta name=\"robots\" content=\"index, follow, max-snippet:-1, max-image-preview:large, max-video-preview:-1\" \/>\n<link rel=\"canonical\" href=\"https:\/\/tienda.drjuandavidaristizabal.com\/?product=max-dream\" \/>\n<meta property=\"og:locale\" content=\"es_MX\" \/>\n<meta property=\"og:type\" content=\"article\" \/>\n<meta property=\"og:title\" content=\"MAX DREAM - Dr Juan David Aristizabal\" \/>\n<meta property=\"og:description\" content=\"Frasco por 15ML\" \/>\n<meta property=\"og:url\" content=\"https:\/\/tienda.drjuandavidaristizabal.com\/?product=max-dream\" \/>\n<meta property=\"og:site_name\" content=\"Dr Juan David Aristizabal\" \/>\n<meta property=\"article:modified_time\" content=\"2026-03-05T16:50:05+00:00\" \/>\n<meta property=\"og:image\" content=\"https:\/\/tienda.drjuandavidaristizabal.com\/wp-content\/uploads\/2020\/08\/MAX-DREAM-1.webp\" \/>\n\t<meta property=\"og:image:width\" content=\"500\" \/>\n\t<meta property=\"og:image:height\" content=\"500\" \/>\n\t<meta property=\"og:image:type\" content=\"image\/webp\" \/>\n<meta name=\"twitter:card\" content=\"summary_large_image\" \/>\n<meta name=\"twitter:label1\" content=\"Tiempo de lectura\" \/>\n\t<meta name=\"twitter:data1\" content=\"2 minutos\" \/>\n<script type=\"application\/ld+json\" class=\"yoast-schema-graph\">{\"@context\":\"https:\/\/schema.org\",\"@graph\":[{\"@type\":\"WebPage\",\"@id\":\"https:\/\/tienda.drjuandavidaristizabal.com\/?product=max-dream\",\"url\":\"https:\/\/tienda.drjuandavidaristizabal.com\/?product=max-dream\",\"name\":\"MAX DREAM - Dr Juan David Aristizabal\",\"isPartOf\":{\"@id\":\"https:\/\/tienda.drjuandavidaristizabal.com\/#website\"},\"primaryImageOfPage\":{\"@id\":\"https:\/\/tienda.drjuandavidaristizabal.com\/?product=max-dream#primaryimage\"},\"image\":{\"@id\":\"https:\/\/tienda.drjuandavidaristizabal.com\/?product=max-dream#primaryimage\"},\"thumbnailUrl\":\"https:\/\/tienda.drjuandavidaristizabal.com\/wp-content\/uploads\/2020\/08\/MAX-DREAM-1.webp\",\"datePublished\":\"2020-08-20T22:51:33+00:00\",\"dateModified\":\"2026-03-05T16:50:05+00:00\",\"breadcrumb\":{\"@id\":\"https:\/\/tienda.drjuandavidaristizabal.com\/?product=max-dream#breadcrumb\"},\"inLanguage\":\"es\",\"potentialAction\":[{\"@type\":\"ReadAction\",\"target\":[\"https:\/\/tienda.drjuandavidaristizabal.com\/?product=max-dream\"]}]},{\"@type\":\"ImageObject\",\"inLanguage\":\"es\",\"@id\":\"https:\/\/tienda.drjuandavidaristizabal.com\/?product=max-dream#primaryimage\",\"url\":\"https:\/\/tienda.drjuandavidaristizabal.com\/wp-content\/uploads\/2020\/08\/MAX-DREAM-1.webp\",\"contentUrl\":\"https:\/\/tienda.drjuandavidaristizabal.com\/wp-content\/uploads\/2020\/08\/MAX-DREAM-1.webp\",\"width\":500,\"height\":500},{\"@type\":\"BreadcrumbList\",\"@id\":\"https:\/\/tienda.drjuandavidaristizabal.com\/?product=max-dream#breadcrumb\",\"itemListElement\":[{\"@type\":\"ListItem\",\"position\":1,\"name\":\"Inicio\",\"item\":\"https:\/\/tienda.drjuandavidaristizabal.com\/\"},{\"@type\":\"ListItem\",\"position\":2,\"name\":\"Tienda\",\"item\":\"https:\/\/tienda.drjuandavidaristizabal.com\/?page_id=6\"},{\"@type\":\"ListItem\",\"position\":3,\"name\":\"MAX DREAM\"}]},{\"@type\":\"WebSite\",\"@id\":\"https:\/\/tienda.drjuandavidaristizabal.com\/#website\",\"url\":\"https:\/\/tienda.drjuandavidaristizabal.com\/\",\"name\":\"Dr Juan David Aristizabal\",\"description\":\"Tienda online\",\"publisher\":{\"@id\":\"https:\/\/tienda.drjuandavidaristizabal.com\/#organization\"},\"potentialAction\":[{\"@type\":\"SearchAction\",\"target\":{\"@type\":\"EntryPoint\",\"urlTemplate\":\"https:\/\/tienda.drjuandavidaristizabal.com\/?s={search_term_string}\"},\"query-input\":{\"@type\":\"PropertyValueSpecification\",\"valueRequired\":true,\"valueName\":\"search_term_string\"}}],\"inLanguage\":\"es\"},{\"@type\":\"Organization\",\"@id\":\"https:\/\/tienda.drjuandavidaristizabal.com\/#organization\",\"name\":\"Dr Juan David Aristizabal\",\"url\":\"https:\/\/tienda.drjuandavidaristizabal.com\/\",\"logo\":{\"@type\":\"ImageObject\",\"inLanguage\":\"es\",\"@id\":\"https:\/\/tienda.drjuandavidaristizabal.com\/#\/schema\/logo\/image\/\",\"url\":\"https:\/\/tienda.drjuandavidaristizabal.com\/wp-content\/uploads\/2020\/07\/Logo_JuanDavidAristizabal_2019PNG.png\",\"contentUrl\":\"https:\/\/tienda.drjuandavidaristizabal.com\/wp-content\/uploads\/2020\/07\/Logo_JuanDavidAristizabal_2019PNG.png\",\"width\":1200,\"height\":422,\"caption\":\"Dr Juan David Aristizabal\"},\"image\":{\"@id\":\"https:\/\/tienda.drjuandavidaristizabal.com\/#\/schema\/logo\/image\/\"}}]}<\/script>\n<!-- \/ Yoast SEO plugin. -->","yoast_head_json":{"title":"MAX DREAM - Dr Juan David Aristizabal","robots":{"index":"index","follow":"follow","max-snippet":"max-snippet:-1","max-image-preview":"max-image-preview:large","max-video-preview":"max-video-preview:-1"},"canonical":"https:\/\/tienda.drjuandavidaristizabal.com\/?product=max-dream","og_locale":"es_MX","og_type":"article","og_title":"MAX DREAM - Dr Juan David Aristizabal","og_description":"Frasco por 15ML","og_url":"https:\/\/tienda.drjuandavidaristizabal.com\/?product=max-dream","og_site_name":"Dr Juan David Aristizabal","article_modified_time":"2026-03-05T16:50:05+00:00","og_image":[{"width":500,"height":500,"url":"https:\/\/tienda.drjuandavidaristizabal.com\/wp-content\/uploads\/2020\/08\/MAX-DREAM-1.webp","type":"image\/webp"}],"twitter_card":"summary_large_image","twitter_misc":{"Tiempo de lectura":"2 minutos"},"schema":{"@context":"https:\/\/schema.org","@graph":[{"@type":"WebPage","@id":"https:\/\/tienda.drjuandavidaristizabal.com\/?product=max-dream","url":"https:\/\/tienda.drjuandavidaristizabal.com\/?product=max-dream","name":"MAX DREAM - Dr Juan David Aristizabal","isPartOf":{"@id":"https:\/\/tienda.drjuandavidaristizabal.com\/#website"},"primaryImageOfPage":{"@id":"https:\/\/tienda.drjuandavidaristizabal.com\/?product=max-dream#primaryimage"},"image":{"@id":"https:\/\/tienda.drjuandavidaristizabal.com\/?product=max-dream#primaryimage"},"thumbnailUrl":"https:\/\/tienda.drjuandavidaristizabal.com\/wp-content\/uploads\/2020\/08\/MAX-DREAM-1.webp","datePublished":"2020-08-20T22:51:33+00:00","dateModified":"2026-03-05T16:50:05+00:00","breadcrumb":{"@id":"https:\/\/tienda.drjuandavidaristizabal.com\/?product=max-dream#breadcrumb"},"inLanguage":"es","potentialAction":[{"@type":"ReadAction","target":["https:\/\/tienda.drjuandavidaristizabal.com\/?product=max-dream"]}]},{"@type":"ImageObject","inLanguage":"es","@id":"https:\/\/tienda.drjuandavidaristizabal.com\/?product=max-dream#primaryimage","url":"https:\/\/tienda.drjuandavidaristizabal.com\/wp-content\/uploads\/2020\/08\/MAX-DREAM-1.webp","contentUrl":"https:\/\/tienda.drjuandavidaristizabal.com\/wp-content\/uploads\/2020\/08\/MAX-DREAM-1.webp","width":500,"height":500},{"@type":"BreadcrumbList","@id":"https:\/\/tienda.drjuandavidaristizabal.com\/?product=max-dream#breadcrumb","itemListElement":[{"@type":"ListItem","position":1,"name":"Inicio","item":"https:\/\/tienda.drjuandavidaristizabal.com\/"},{"@type":"ListItem","position":2,"name":"Tienda","item":"https:\/\/tienda.drjuandavidaristizabal.com\/?page_id=6"},{"@type":"ListItem","position":3,"name":"MAX DREAM"}]},{"@type":"WebSite","@id":"https:\/\/tienda.drjuandavidaristizabal.com\/#website","url":"https:\/\/tienda.drjuandavidaristizabal.com\/","name":"Dr Juan David Aristizabal","description":"Tienda online","publisher":{"@id":"https:\/\/tienda.drjuandavidaristizabal.com\/#organization"},"potentialAction":[{"@type":"SearchAction","target":{"@type":"EntryPoint","urlTemplate":"https:\/\/tienda.drjuandavidaristizabal.com\/?s={search_term_string}"},"query-input":{"@type":"PropertyValueSpecification","valueRequired":true,"valueName":"search_term_string"}}],"inLanguage":"es"},{"@type":"Organization","@id":"https:\/\/tienda.drjuandavidaristizabal.com\/#organization","name":"Dr Juan David Aristizabal","url":"https:\/\/tienda.drjuandavidaristizabal.com\/","logo":{"@type":"ImageObject","inLanguage":"es","@id":"https:\/\/tienda.drjuandavidaristizabal.com\/#\/schema\/logo\/image\/","url":"https:\/\/tienda.drjuandavidaristizabal.com\/wp-content\/uploads\/2020\/07\/Logo_JuanDavidAristizabal_2019PNG.png","contentUrl":"https:\/\/tienda.drjuandavidaristizabal.com\/wp-content\/uploads\/2020\/07\/Logo_JuanDavidAristizabal_2019PNG.png","width":1200,"height":422,"caption":"Dr Juan David Aristizabal"},"image":{"@id":"https:\/\/tienda.drjuandavidaristizabal.com\/#\/schema\/logo\/image\/"}}]}},"_links":{"self":[{"href":"https:\/\/tienda.drjuandavidaristizabal.com\/index.php?rest_route=\/wp\/v2\/product\/393","targetHints":{"allow":["GET"]}}],"collection":[{"href":"https:\/\/tienda.drjuandavidaristizabal.com\/index.php?rest_route=\/wp\/v2\/product"}],"about":[{"href":"https:\/\/tienda.drjuandavidaristizabal.com\/index.php?rest_route=\/wp\/v2\/types\/product"}],"wp:featuredmedia":[{"embeddable":true,"href":"https:\/\/tienda.drjuandavidaristizabal.com\/index.php?rest_route=\/wp\/v2\/media\/8092"}],"wp:attachment":[{"href":"https:\/\/tienda.drjuandavidaristizabal.com\/index.php?rest_route=%2Fwp%2Fv2%2Fmedia&parent=393"}],"wp:term":[{"taxonomy":"product_brand","embeddable":true,"href":"https:\/\/tienda.drjuandavidaristizabal.com\/index.php?rest_route=%2Fwp%2Fv2%2Fproduct_brand&post=393"},{"taxonomy":"product_cat","embeddable":true,"href":"https:\/\/tienda.drjuandavidaristizabal.com\/index.php?rest_route=%2Fwp%2Fv2%2Fproduct_cat&post=393"},{"taxonomy":"product_tag","embeddable":true,"href":"https:\/\/tienda.drjuandavidaristizabal.com\/index.php?rest_route=%2Fwp%2Fv2%2Fproduct_tag&post=393"}],"curies":[{"name":"wp","href":"https:\/\/api.w.org\/{rel}","templated":true}]}}