{"id":5541,"date":"2023-01-03T16:40:49","date_gmt":"2023-01-03T21:40:49","guid":{"rendered":"https:\/\/tienda.drjuandavidaristizabal.com\/?post_type=product&#038;p=5541"},"modified":"2025-08-04T11:08:16","modified_gmt":"2025-08-04T16:08:16","slug":"lectura-examanes-vive-paleo","status":"publish","type":"product","link":"https:\/\/tienda.drjuandavidaristizabal.com\/?product=lectura-examanes-vive-paleo","title":{"rendered":"LECTURA EXAMANES &#8211; VIVE PALEO"},"content":{"rendered":"","protected":true},"excerpt":{"rendered":"","protected":true},"featured_media":8099,"template":"","meta":[],"product_brand":[],"product_cat":[15,185,186],"product_tag":[],"class_list":{"0":"post-5541","1":"product","2":"type-product","3":"status-publish","4":"post-password-required","6":"product_cat-sin-categorizar","7":"product_cat-complementarios","8":"product_cat-examenes-vive-paleo","10":"first","11":"instock","12":"purchasable","13":"product-type-simple"},"yoast_head":"<!-- This site is optimized with the Yoast SEO plugin v26.0 - https:\/\/yoast.com\/wordpress\/plugins\/seo\/ -->\n<title>LECTURA EXAMANES - VIVE PALEO - Dr Juan David Aristizabal<\/title>\n<meta name=\"description\" content=\"Aqu\u00ed podr\u00e1 comprar de manera f\u00e1cil y sencilla lectura en video de ex\u00e1menes del programa vive paleo solo para familiares de suscritos al programa.\" \/>\n<meta name=\"robots\" content=\"index, follow, max-snippet:-1, max-image-preview:large, max-video-preview:-1\" \/>\n<link rel=\"canonical\" href=\"https:\/\/tienda.drjuandavidaristizabal.com\/producto\/lectura-examanes-vive-paleo\" \/>\n<meta property=\"og:locale\" content=\"es_MX\" \/>\n<meta property=\"og:type\" content=\"article\" \/>\n<meta property=\"og:title\" content=\"LECTURA EXAMANES - VIVE PALEO - Dr Juan David Aristizabal\" \/>\n<meta property=\"og:description\" content=\"Aqu\u00ed podr\u00e1 comprar de manera f\u00e1cil y sencilla lectura en video de ex\u00e1menes del programa vive paleo solo para familiares de suscritos al programa.\" \/>\n<meta property=\"og:url\" content=\"https:\/\/tienda.drjuandavidaristizabal.com\/producto\/lectura-examanes-vive-paleo\" \/>\n<meta property=\"og:site_name\" content=\"Dr Juan David Aristizabal\" \/>\n<meta property=\"article:modified_time\" content=\"2025-08-04T16:08:16+00:00\" \/>\n<meta name=\"twitter:card\" content=\"summary_large_image\" \/>\n<meta name=\"twitter:label1\" content=\"Tiempo de lectura\" \/>\n\t<meta name=\"twitter:data1\" content=\"2 minutos\" \/>\n<script type=\"application\/ld+json\" class=\"yoast-schema-graph\">{\"@context\":\"https:\/\/schema.org\",\"@graph\":[{\"@type\":\"WebPage\",\"@id\":\"https:\/\/tienda.drjuandavidaristizabal.com\/producto\/lectura-examanes-vive-paleo\",\"url\":\"https:\/\/tienda.drjuandavidaristizabal.com\/producto\/lectura-examanes-vive-paleo\",\"name\":\"LECTURA EXAMANES - VIVE PALEO - Dr Juan David Aristizabal\",\"isPartOf\":{\"@id\":\"https:\/\/tienda.drjuandavidaristizabal.com\/#website\"},\"datePublished\":\"2023-01-03T21:40:49+00:00\",\"dateModified\":\"2025-08-04T16:08:16+00:00\",\"breadcrumb\":{\"@id\":\"https:\/\/tienda.drjuandavidaristizabal.com\/producto\/lectura-examanes-vive-paleo#breadcrumb\"},\"inLanguage\":\"es\"},{\"@type\":\"WebSite\",\"@id\":\"https:\/\/tienda.drjuandavidaristizabal.com\/#website\",\"url\":\"https:\/\/tienda.drjuandavidaristizabal.com\/\",\"name\":\"Dr Juan David Aristizabal\",\"description\":\"Tienda online\",\"publisher\":{\"@id\":\"https:\/\/tienda.drjuandavidaristizabal.com\/#organization\"},\"potentialAction\":[{\"@type\":\"SearchAction\",\"target\":{\"@type\":\"EntryPoint\",\"urlTemplate\":\"https:\/\/tienda.drjuandavidaristizabal.com\/?s={search_term_string}\"},\"query-input\":{\"@type\":\"PropertyValueSpecification\",\"valueRequired\":true,\"valueName\":\"search_term_string\"}}],\"inLanguage\":\"es\"},{\"@type\":\"Organization\",\"@id\":\"https:\/\/tienda.drjuandavidaristizabal.com\/#organization\",\"name\":\"Dr Juan David Aristizabal\",\"url\":\"https:\/\/tienda.drjuandavidaristizabal.com\/\",\"logo\":{\"@type\":\"ImageObject\",\"inLanguage\":\"es\",\"@id\":\"https:\/\/tienda.drjuandavidaristizabal.com\/#\/schema\/logo\/image\/\",\"url\":\"https:\/\/tienda.drjuandavidaristizabal.com\/wp-content\/uploads\/2020\/07\/Logo_JuanDavidAristizabal_2019PNG.png\",\"contentUrl\":\"https:\/\/tienda.drjuandavidaristizabal.com\/wp-content\/uploads\/2020\/07\/Logo_JuanDavidAristizabal_2019PNG.png\",\"width\":1200,\"height\":422,\"caption\":\"Dr Juan David Aristizabal\"},\"image\":{\"@id\":\"https:\/\/tienda.drjuandavidaristizabal.com\/#\/schema\/logo\/image\/\"}}]}<\/script>\n<!-- \/ Yoast SEO plugin. -->","yoast_head_json":{"title":"LECTURA EXAMANES - VIVE PALEO - Dr Juan David Aristizabal","description":"Aqu\u00ed podr\u00e1 comprar de manera f\u00e1cil y sencilla lectura en video de ex\u00e1menes del programa vive paleo solo para familiares de suscritos al programa.","robots":{"index":"index","follow":"follow","max-snippet":"max-snippet:-1","max-image-preview":"max-image-preview:large","max-video-preview":"max-video-preview:-1"},"canonical":"https:\/\/tienda.drjuandavidaristizabal.com\/producto\/lectura-examanes-vive-paleo","og_locale":"es_MX","og_type":"article","og_title":"LECTURA EXAMANES - VIVE PALEO - Dr Juan David Aristizabal","og_description":"Aqu\u00ed podr\u00e1 comprar de manera f\u00e1cil y sencilla lectura en video de ex\u00e1menes del programa vive paleo solo para familiares de suscritos al programa.","og_url":"https:\/\/tienda.drjuandavidaristizabal.com\/producto\/lectura-examanes-vive-paleo","og_site_name":"Dr Juan David Aristizabal","article_modified_time":"2025-08-04T16:08:16+00:00","twitter_card":"summary_large_image","twitter_misc":{"Tiempo de lectura":"2 minutos"},"schema":{"@context":"https:\/\/schema.org","@graph":[{"@type":"WebPage","@id":"https:\/\/tienda.drjuandavidaristizabal.com\/producto\/lectura-examanes-vive-paleo","url":"https:\/\/tienda.drjuandavidaristizabal.com\/producto\/lectura-examanes-vive-paleo","name":"LECTURA EXAMANES - VIVE PALEO - Dr Juan David Aristizabal","isPartOf":{"@id":"https:\/\/tienda.drjuandavidaristizabal.com\/#website"},"datePublished":"2023-01-03T21:40:49+00:00","dateModified":"2025-08-04T16:08:16+00:00","breadcrumb":{"@id":"https:\/\/tienda.drjuandavidaristizabal.com\/producto\/lectura-examanes-vive-paleo#breadcrumb"},"inLanguage":"es"},{"@type":"WebSite","@id":"https:\/\/tienda.drjuandavidaristizabal.com\/#website","url":"https:\/\/tienda.drjuandavidaristizabal.com\/","name":"Dr Juan David Aristizabal","description":"Tienda online","publisher":{"@id":"https:\/\/tienda.drjuandavidaristizabal.com\/#organization"},"potentialAction":[{"@type":"SearchAction","target":{"@type":"EntryPoint","urlTemplate":"https:\/\/tienda.drjuandavidaristizabal.com\/?s={search_term_string}"},"query-input":{"@type":"PropertyValueSpecification","valueRequired":true,"valueName":"search_term_string"}}],"inLanguage":"es"},{"@type":"Organization","@id":"https:\/\/tienda.drjuandavidaristizabal.com\/#organization","name":"Dr Juan David Aristizabal","url":"https:\/\/tienda.drjuandavidaristizabal.com\/","logo":{"@type":"ImageObject","inLanguage":"es","@id":"https:\/\/tienda.drjuandavidaristizabal.com\/#\/schema\/logo\/image\/","url":"https:\/\/tienda.drjuandavidaristizabal.com\/wp-content\/uploads\/2020\/07\/Logo_JuanDavidAristizabal_2019PNG.png","contentUrl":"https:\/\/tienda.drjuandavidaristizabal.com\/wp-content\/uploads\/2020\/07\/Logo_JuanDavidAristizabal_2019PNG.png","width":1200,"height":422,"caption":"Dr Juan David Aristizabal"},"image":{"@id":"https:\/\/tienda.drjuandavidaristizabal.com\/#\/schema\/logo\/image\/"}}]}},"_links":{"self":[{"href":"https:\/\/tienda.drjuandavidaristizabal.com\/index.php?rest_route=\/wp\/v2\/product\/5541","targetHints":{"allow":["GET"]}}],"collection":[{"href":"https:\/\/tienda.drjuandavidaristizabal.com\/index.php?rest_route=\/wp\/v2\/product"}],"about":[{"href":"https:\/\/tienda.drjuandavidaristizabal.com\/index.php?rest_route=\/wp\/v2\/types\/product"}],"wp:featuredmedia":[{"embeddable":true,"href":"https:\/\/tienda.drjuandavidaristizabal.com\/index.php?rest_route=\/wp\/v2\/media\/8099"}],"wp:attachment":[{"href":"https:\/\/tienda.drjuandavidaristizabal.com\/index.php?rest_route=%2Fwp%2Fv2%2Fmedia&parent=5541"}],"wp:term":[{"taxonomy":"product_brand","embeddable":true,"href":"https:\/\/tienda.drjuandavidaristizabal.com\/index.php?rest_route=%2Fwp%2Fv2%2Fproduct_brand&post=5541"},{"taxonomy":"product_cat","embeddable":true,"href":"https:\/\/tienda.drjuandavidaristizabal.com\/index.php?rest_route=%2Fwp%2Fv2%2Fproduct_cat&post=5541"},{"taxonomy":"product_tag","embeddable":true,"href":"https:\/\/tienda.drjuandavidaristizabal.com\/index.php?rest_route=%2Fwp%2Fv2%2Fproduct_tag&post=5541"}],"curies":[{"name":"wp","href":"https:\/\/api.w.org\/{rel}","templated":true}]}}