{"id":7120,"date":"2024-03-05T09:33:31","date_gmt":"2024-03-05T14:33:31","guid":{"rendered":"https:\/\/tienda.drjuandavidaristizabal.com\/?post_type=product&#038;p=7120"},"modified":"2026-03-24T09:22:08","modified_gmt":"2026-03-24T14:22:08","slug":"prueba-en-aliento-para-sibo-bacterial-overgrowth-breath-isomed","status":"publish","type":"product","link":"https:\/\/tienda.drjuandavidaristizabal.com\/?product=prueba-en-aliento-para-sibo-bacterial-overgrowth-breath-isomed","title":{"rendered":"PRUEBA EN ALIENTO PARA SIBO (BACTERIAL OVERGROWTH BREATH)  ISOMED"},"content":{"rendered":"<p>Prueba de Aliento<\/p>\n<p>Descubra la causa de los s\u00edntomas abdominales inexplicables con las pruebas de aliento. SIBO es una condici\u00f3n cl\u00ednica com\u00fan, esta prueba detecta si existe sobre crecimiento de bacterias en el intestino delgado, qu\u00e9 tipo de sobre crecimiento (productoras de gas, metano o hidr\u00f3geno) y en qu\u00e9 grado de sobre crecimiento (leve \u2013 moderado \u2013 severo).<\/p>\n<p>SIBO puede ser causa de fatiga, malabsorci\u00f3n cr\u00f3nica de nutrientes, problemas de tiroides y estre\u00f1imiento cr\u00f3nico,\u00a0adem\u00e1s muchos otros problemas de salud como:<br \/>\n-SII<br \/>\n-EII<br \/>\n-Enfermedad cel\u00edaca<br \/>\n-Diabetes<br \/>\n-Fibromialgia<br \/>\n-Ros\u00e1cea<br \/>\n-Enfermedad de Parkinson<br \/>\n-Obesidad<br \/>\nEntre otros.<\/p>\n<p>Esta prueba de aliento no es invasiva y captura gases de hidr\u00f3geno (H2) y metano (CH4) exhalados despu\u00e9s de la ingesti\u00f3n de una soluci\u00f3n de laxante osm\u00f3tico (Lactitol) por parte del paciente para evaluar el crecimiento excesivo bacteriano del intestino delgado.<\/p>\n<p>El resultado ayuda a determinar el tipo de tratamiento, y el tiempo de duraci\u00f3n del protocolo antimicrobiano.<br \/>\nSIBO no se detecta en pruebas de materia fecal.<\/p>\n<p>&nbsp;<\/p>\n<p><strong>ANTES DE COMPRAR TENGA EN CUENTA<\/strong><\/p>\n<p>-La toma de muestras se realiza en Ayunas<\/p>\n<p>-El tiempo aproximado de toma de muestras es de 3 horas<\/p>\n<p>&nbsp;<\/p>\n<p><strong>\u00a0<\/strong><\/p>\n<p><strong>Ciudades donde se puede realizar la prueba SIBO<\/strong><\/p>\n<p><strong>Suroccidente:<\/strong> Cali, Tulu\u00e1, Jamund\u00ed, Palmira, Buga, Yumbo, Buenaventura, Popay\u00e1n, Pasto<\/p>\n<p><strong>Noroccidente:<\/strong> Medell\u00edn, Rionegro, Quibd\u00f3, Monter\u00eda, Sincelejo y Bucaramanga.<\/p>\n<p><strong>Centro:<\/strong> Bogot\u00e1, Tunja, Neiva e Ibagu\u00e9<\/p>\n<p><strong>Norte:<\/strong> Barranquilla, Cartagena, Santa Marta,\u00a0 Valledupar y Riohacha.<\/p>\n<p><strong>Eje Cafetero:<\/strong> Manizales, Pereira<\/p>\n<p>&nbsp;<\/p>\n<p><strong>Al momento de la Prueba:<\/strong><\/p>\n<p>&#8211; Encontrase en Ayunas<br \/>\n&#8211; Haber realizado la preparaci\u00f3n ( Dieta)<\/p>\n<p><strong>Una vez adquiera el servicio con nosotros, <\/strong>Le estaremos enviando:<\/p>\n<p>&#8211; Instrucciones de Preparaci\u00f3n<\/p>\n<p>&#8211; Kit de recolecci\u00f3n de muestras\u00a0 y suministros<\/p>\n","protected":false},"excerpt":{"rendered":"<p><strong>Por favor lea completa la descripci\u00f3n antes de realizar su compra.<\/strong><\/p>\n","protected":false},"featured_media":7121,"template":"","meta":[],"product_brand":[],"product_cat":[15],"product_tag":[],"class_list":{"0":"post-7120","1":"product","2":"type-product","3":"status-publish","4":"has-post-thumbnail","6":"product_cat-sin-categorizar","8":"first","9":"outofstock","10":"purchasable","11":"product-type-simple"},"yoast_head":"<!-- This site is optimized with the Yoast SEO plugin v26.0 - https:\/\/yoast.com\/wordpress\/plugins\/seo\/ -->\n<title>PRUEBA EN ALIENTO PARA SIBO (BACTERIAL OVERGROWTH BREATH) ISOMED - Dr Juan David Aristizabal<\/title>\n<meta name=\"robots\" content=\"index, follow, max-snippet:-1, max-image-preview:large, max-video-preview:-1\" \/>\n<link rel=\"canonical\" href=\"https:\/\/tienda.drjuandavidaristizabal.com\/?product=prueba-en-aliento-para-sibo-bacterial-overgrowth-breath-isomed\" \/>\n<meta property=\"og:locale\" content=\"es_MX\" \/>\n<meta property=\"og:type\" content=\"article\" \/>\n<meta property=\"og:title\" content=\"PRUEBA EN ALIENTO PARA SIBO (BACTERIAL OVERGROWTH BREATH) ISOMED - Dr Juan David Aristizabal\" \/>\n<meta property=\"og:description\" content=\"Por favor lea completa la descripci\u00f3n antes de realizar su compra.\" \/>\n<meta property=\"og:url\" content=\"https:\/\/tienda.drjuandavidaristizabal.com\/?product=prueba-en-aliento-para-sibo-bacterial-overgrowth-breath-isomed\" \/>\n<meta property=\"og:site_name\" content=\"Dr Juan David Aristizabal\" \/>\n<meta property=\"article:modified_time\" content=\"2026-03-24T14:22:08+00:00\" \/>\n<meta property=\"og:image\" content=\"https:\/\/tienda.drjuandavidaristizabal.com\/wp-content\/uploads\/2024\/03\/SIBO-ISOMET.png\" \/>\n\t<meta property=\"og:image:width\" content=\"509\" \/>\n\t<meta property=\"og:image:height\" content=\"445\" \/>\n\t<meta property=\"og:image:type\" content=\"image\/png\" \/>\n<meta name=\"twitter:card\" content=\"summary_large_image\" \/>\n<meta name=\"twitter:label1\" content=\"Tiempo de lectura\" \/>\n\t<meta name=\"twitter:data1\" content=\"2 minutos\" \/>\n<script type=\"application\/ld+json\" class=\"yoast-schema-graph\">{\"@context\":\"https:\/\/schema.org\",\"@graph\":[{\"@type\":\"WebPage\",\"@id\":\"https:\/\/tienda.drjuandavidaristizabal.com\/?product=prueba-en-aliento-para-sibo-bacterial-overgrowth-breath-isomed\",\"url\":\"https:\/\/tienda.drjuandavidaristizabal.com\/?product=prueba-en-aliento-para-sibo-bacterial-overgrowth-breath-isomed\",\"name\":\"PRUEBA EN ALIENTO PARA SIBO (BACTERIAL OVERGROWTH BREATH) ISOMED - Dr Juan David Aristizabal\",\"isPartOf\":{\"@id\":\"https:\/\/tienda.drjuandavidaristizabal.com\/#website\"},\"primaryImageOfPage\":{\"@id\":\"https:\/\/tienda.drjuandavidaristizabal.com\/?product=prueba-en-aliento-para-sibo-bacterial-overgrowth-breath-isomed#primaryimage\"},\"image\":{\"@id\":\"https:\/\/tienda.drjuandavidaristizabal.com\/?product=prueba-en-aliento-para-sibo-bacterial-overgrowth-breath-isomed#primaryimage\"},\"thumbnailUrl\":\"https:\/\/tienda.drjuandavidaristizabal.com\/wp-content\/uploads\/2024\/03\/SIBO-ISOMET.png\",\"datePublished\":\"2024-03-05T14:33:31+00:00\",\"dateModified\":\"2026-03-24T14:22:08+00:00\",\"breadcrumb\":{\"@id\":\"https:\/\/tienda.drjuandavidaristizabal.com\/?product=prueba-en-aliento-para-sibo-bacterial-overgrowth-breath-isomed#breadcrumb\"},\"inLanguage\":\"es\",\"potentialAction\":[{\"@type\":\"ReadAction\",\"target\":[\"https:\/\/tienda.drjuandavidaristizabal.com\/?product=prueba-en-aliento-para-sibo-bacterial-overgrowth-breath-isomed\"]}]},{\"@type\":\"ImageObject\",\"inLanguage\":\"es\",\"@id\":\"https:\/\/tienda.drjuandavidaristizabal.com\/?product=prueba-en-aliento-para-sibo-bacterial-overgrowth-breath-isomed#primaryimage\",\"url\":\"https:\/\/tienda.drjuandavidaristizabal.com\/wp-content\/uploads\/2024\/03\/SIBO-ISOMET.png\",\"contentUrl\":\"https:\/\/tienda.drjuandavidaristizabal.com\/wp-content\/uploads\/2024\/03\/SIBO-ISOMET.png\",\"width\":509,\"height\":445},{\"@type\":\"BreadcrumbList\",\"@id\":\"https:\/\/tienda.drjuandavidaristizabal.com\/?product=prueba-en-aliento-para-sibo-bacterial-overgrowth-breath-isomed#breadcrumb\",\"itemListElement\":[{\"@type\":\"ListItem\",\"position\":1,\"name\":\"Inicio\",\"item\":\"https:\/\/tienda.drjuandavidaristizabal.com\/\"},{\"@type\":\"ListItem\",\"position\":2,\"name\":\"Tienda\",\"item\":\"https:\/\/tienda.drjuandavidaristizabal.com\/?page_id=6\"},{\"@type\":\"ListItem\",\"position\":3,\"name\":\"PRUEBA EN ALIENTO PARA SIBO (BACTERIAL OVERGROWTH BREATH) ISOMED\"}]},{\"@type\":\"WebSite\",\"@id\":\"https:\/\/tienda.drjuandavidaristizabal.com\/#website\",\"url\":\"https:\/\/tienda.drjuandavidaristizabal.com\/\",\"name\":\"Dr Juan David Aristizabal\",\"description\":\"Tienda online\",\"publisher\":{\"@id\":\"https:\/\/tienda.drjuandavidaristizabal.com\/#organization\"},\"potentialAction\":[{\"@type\":\"SearchAction\",\"target\":{\"@type\":\"EntryPoint\",\"urlTemplate\":\"https:\/\/tienda.drjuandavidaristizabal.com\/?s={search_term_string}\"},\"query-input\":{\"@type\":\"PropertyValueSpecification\",\"valueRequired\":true,\"valueName\":\"search_term_string\"}}],\"inLanguage\":\"es\"},{\"@type\":\"Organization\",\"@id\":\"https:\/\/tienda.drjuandavidaristizabal.com\/#organization\",\"name\":\"Dr Juan David Aristizabal\",\"url\":\"https:\/\/tienda.drjuandavidaristizabal.com\/\",\"logo\":{\"@type\":\"ImageObject\",\"inLanguage\":\"es\",\"@id\":\"https:\/\/tienda.drjuandavidaristizabal.com\/#\/schema\/logo\/image\/\",\"url\":\"https:\/\/tienda.drjuandavidaristizabal.com\/wp-content\/uploads\/2020\/07\/Logo_JuanDavidAristizabal_2019PNG.png\",\"contentUrl\":\"https:\/\/tienda.drjuandavidaristizabal.com\/wp-content\/uploads\/2020\/07\/Logo_JuanDavidAristizabal_2019PNG.png\",\"width\":1200,\"height\":422,\"caption\":\"Dr Juan David Aristizabal\"},\"image\":{\"@id\":\"https:\/\/tienda.drjuandavidaristizabal.com\/#\/schema\/logo\/image\/\"}}]}<\/script>\n<!-- \/ Yoast SEO plugin. -->","yoast_head_json":{"title":"PRUEBA EN ALIENTO PARA SIBO (BACTERIAL OVERGROWTH BREATH) ISOMED - Dr Juan David Aristizabal","robots":{"index":"index","follow":"follow","max-snippet":"max-snippet:-1","max-image-preview":"max-image-preview:large","max-video-preview":"max-video-preview:-1"},"canonical":"https:\/\/tienda.drjuandavidaristizabal.com\/?product=prueba-en-aliento-para-sibo-bacterial-overgrowth-breath-isomed","og_locale":"es_MX","og_type":"article","og_title":"PRUEBA EN ALIENTO PARA SIBO (BACTERIAL OVERGROWTH BREATH) ISOMED - Dr Juan David Aristizabal","og_description":"Por favor lea completa la descripci\u00f3n antes de realizar su compra.","og_url":"https:\/\/tienda.drjuandavidaristizabal.com\/?product=prueba-en-aliento-para-sibo-bacterial-overgrowth-breath-isomed","og_site_name":"Dr Juan David Aristizabal","article_modified_time":"2026-03-24T14:22:08+00:00","og_image":[{"width":509,"height":445,"url":"https:\/\/tienda.drjuandavidaristizabal.com\/wp-content\/uploads\/2024\/03\/SIBO-ISOMET.png","type":"image\/png"}],"twitter_card":"summary_large_image","twitter_misc":{"Tiempo de lectura":"2 minutos"},"schema":{"@context":"https:\/\/schema.org","@graph":[{"@type":"WebPage","@id":"https:\/\/tienda.drjuandavidaristizabal.com\/?product=prueba-en-aliento-para-sibo-bacterial-overgrowth-breath-isomed","url":"https:\/\/tienda.drjuandavidaristizabal.com\/?product=prueba-en-aliento-para-sibo-bacterial-overgrowth-breath-isomed","name":"PRUEBA EN ALIENTO PARA SIBO (BACTERIAL OVERGROWTH BREATH) ISOMED - Dr Juan David Aristizabal","isPartOf":{"@id":"https:\/\/tienda.drjuandavidaristizabal.com\/#website"},"primaryImageOfPage":{"@id":"https:\/\/tienda.drjuandavidaristizabal.com\/?product=prueba-en-aliento-para-sibo-bacterial-overgrowth-breath-isomed#primaryimage"},"image":{"@id":"https:\/\/tienda.drjuandavidaristizabal.com\/?product=prueba-en-aliento-para-sibo-bacterial-overgrowth-breath-isomed#primaryimage"},"thumbnailUrl":"https:\/\/tienda.drjuandavidaristizabal.com\/wp-content\/uploads\/2024\/03\/SIBO-ISOMET.png","datePublished":"2024-03-05T14:33:31+00:00","dateModified":"2026-03-24T14:22:08+00:00","breadcrumb":{"@id":"https:\/\/tienda.drjuandavidaristizabal.com\/?product=prueba-en-aliento-para-sibo-bacterial-overgrowth-breath-isomed#breadcrumb"},"inLanguage":"es","potentialAction":[{"@type":"ReadAction","target":["https:\/\/tienda.drjuandavidaristizabal.com\/?product=prueba-en-aliento-para-sibo-bacterial-overgrowth-breath-isomed"]}]},{"@type":"ImageObject","inLanguage":"es","@id":"https:\/\/tienda.drjuandavidaristizabal.com\/?product=prueba-en-aliento-para-sibo-bacterial-overgrowth-breath-isomed#primaryimage","url":"https:\/\/tienda.drjuandavidaristizabal.com\/wp-content\/uploads\/2024\/03\/SIBO-ISOMET.png","contentUrl":"https:\/\/tienda.drjuandavidaristizabal.com\/wp-content\/uploads\/2024\/03\/SIBO-ISOMET.png","width":509,"height":445},{"@type":"BreadcrumbList","@id":"https:\/\/tienda.drjuandavidaristizabal.com\/?product=prueba-en-aliento-para-sibo-bacterial-overgrowth-breath-isomed#breadcrumb","itemListElement":[{"@type":"ListItem","position":1,"name":"Inicio","item":"https:\/\/tienda.drjuandavidaristizabal.com\/"},{"@type":"ListItem","position":2,"name":"Tienda","item":"https:\/\/tienda.drjuandavidaristizabal.com\/?page_id=6"},{"@type":"ListItem","position":3,"name":"PRUEBA EN ALIENTO PARA SIBO (BACTERIAL OVERGROWTH BREATH) ISOMED"}]},{"@type":"WebSite","@id":"https:\/\/tienda.drjuandavidaristizabal.com\/#website","url":"https:\/\/tienda.drjuandavidaristizabal.com\/","name":"Dr Juan David Aristizabal","description":"Tienda online","publisher":{"@id":"https:\/\/tienda.drjuandavidaristizabal.com\/#organization"},"potentialAction":[{"@type":"SearchAction","target":{"@type":"EntryPoint","urlTemplate":"https:\/\/tienda.drjuandavidaristizabal.com\/?s={search_term_string}"},"query-input":{"@type":"PropertyValueSpecification","valueRequired":true,"valueName":"search_term_string"}}],"inLanguage":"es"},{"@type":"Organization","@id":"https:\/\/tienda.drjuandavidaristizabal.com\/#organization","name":"Dr Juan David Aristizabal","url":"https:\/\/tienda.drjuandavidaristizabal.com\/","logo":{"@type":"ImageObject","inLanguage":"es","@id":"https:\/\/tienda.drjuandavidaristizabal.com\/#\/schema\/logo\/image\/","url":"https:\/\/tienda.drjuandavidaristizabal.com\/wp-content\/uploads\/2020\/07\/Logo_JuanDavidAristizabal_2019PNG.png","contentUrl":"https:\/\/tienda.drjuandavidaristizabal.com\/wp-content\/uploads\/2020\/07\/Logo_JuanDavidAristizabal_2019PNG.png","width":1200,"height":422,"caption":"Dr Juan David Aristizabal"},"image":{"@id":"https:\/\/tienda.drjuandavidaristizabal.com\/#\/schema\/logo\/image\/"}}]}},"_links":{"self":[{"href":"https:\/\/tienda.drjuandavidaristizabal.com\/index.php?rest_route=\/wp\/v2\/product\/7120","targetHints":{"allow":["GET"]}}],"collection":[{"href":"https:\/\/tienda.drjuandavidaristizabal.com\/index.php?rest_route=\/wp\/v2\/product"}],"about":[{"href":"https:\/\/tienda.drjuandavidaristizabal.com\/index.php?rest_route=\/wp\/v2\/types\/product"}],"wp:featuredmedia":[{"embeddable":true,"href":"https:\/\/tienda.drjuandavidaristizabal.com\/index.php?rest_route=\/wp\/v2\/media\/7121"}],"wp:attachment":[{"href":"https:\/\/tienda.drjuandavidaristizabal.com\/index.php?rest_route=%2Fwp%2Fv2%2Fmedia&parent=7120"}],"wp:term":[{"taxonomy":"product_brand","embeddable":true,"href":"https:\/\/tienda.drjuandavidaristizabal.com\/index.php?rest_route=%2Fwp%2Fv2%2Fproduct_brand&post=7120"},{"taxonomy":"product_cat","embeddable":true,"href":"https:\/\/tienda.drjuandavidaristizabal.com\/index.php?rest_route=%2Fwp%2Fv2%2Fproduct_cat&post=7120"},{"taxonomy":"product_tag","embeddable":true,"href":"https:\/\/tienda.drjuandavidaristizabal.com\/index.php?rest_route=%2Fwp%2Fv2%2Fproduct_tag&post=7120"}],"curies":[{"name":"wp","href":"https:\/\/api.w.org\/{rel}","templated":true}]}}