{"id":8175,"date":"2025-08-22T09:49:58","date_gmt":"2025-08-22T14:49:58","guid":{"rendered":"https:\/\/tienda.drjuandavidaristizabal.com\/?post_type=product&#038;p=8175"},"modified":"2026-03-30T09:52:57","modified_gmt":"2026-03-30T14:52:57","slug":"kit-prolon-gen3","status":"publish","type":"product","link":"https:\/\/tienda.drjuandavidaristizabal.com\/?product=kit-prolon-gen3","title":{"rendered":"Kit Prolon Gen3"},"content":{"rendered":"<p>ProLon\u00ae es un programa diet\u00e9tico de 5 d\u00edas cuidadosamente dise\u00f1ado para nutrir y rejuvenecer tu cuerpo, a la vez que promueve el equilibrio metab\u00f3lico. La Dieta ProLon Fasting Mimicking\u00ae te ofrece muchos de los beneficios del ayuno, permiti\u00e9ndote comer alimentos deliciosos para combatir el hambre, perder peso y proteger la masa muscular magra. Las comidas ProLon\u00ae vienen en 5 cajitas (una para cada d\u00eda) que incluyen barritas energ\u00e9ticas vegetales, sopas, una variedad de snacks, bebidas y suplementos. Est\u00e1n cuidadosamente dise\u00f1adas para nutrir tu cuerpo, promover el rejuvenecimiento celular y apoyar la salud metab\u00f3lica y general para un envejecimiento saludable. Con ProLon, recibes todo lo que necesitas preenvasado y listo para usar. Cada kit incluye cinco cajitas etiquetadas por d\u00eda para que sepas qu\u00e9 comer cada d\u00eda. -Sabores de sopa GEN3: pimiento rojo y cebolla, guisantes verdes y cebollino, curry de lentejas, garbanzos y puerros, zanahoria y jengibre (Nota: Esta es una mezcla patentada, especialmente formulada y cl\u00ednicamente probada a base de plantas, dise\u00f1ada para apoyar la experiencia de imitaci\u00f3n del ayuno mientras maximiza la nutrici\u00f3n y el sabor). -Sopas: una variedad de sopas f\u00e1ciles de preparar hechas con una mezcla patentada de ingredientes totalmente naturales a base de plantas. -Barras de frutos secos: deliciosas barras de frutos secos prensadas en fr\u00edo con ingredientes enteros como almendras, nueces de macadamia y nueces pecanas. -Snacks: bocadillos como aceitunas del sur de Espa\u00f1a, donde el consumo de aceitunas se asocia con la longevidad, y galletas de col rizada enriquecidas con prote\u00edna de origen vegetal. -Suplementos: suplemento diet\u00e9tico repleto de multivitaminas, amino\u00e1cidos, minerales y \u00e1cidos grasos omega-3 para proporcionar nutrici\u00f3n al cuerpo*. -L-Drink: mezcla de glicerol patentada con sabor a frutas dise\u00f1ada para alimentar y proteger los m\u00fasculos durante el ayuno. -Herbal T\u00e9s: T\u00e9s de hierbas sin cafe\u00edna cargados de antioxidantes saludables que te mantendr\u00e1n hidratado durante la semana.<\/p>\n","protected":false},"excerpt":{"rendered":"<p>ProLon\u00ae es un programa diet\u00e9tico de 5 d\u00edas cuidadosamente dise\u00f1ado para nutrir y rejuvenecer tu cuerpo, a la vez que promueve el equilibrio metab\u00f3lico. La&hellip;<\/p>\n","protected":false},"featured_media":8176,"template":"","meta":[],"product_brand":[],"product_cat":[15],"product_tag":[],"class_list":{"0":"post-8175","1":"product","2":"type-product","3":"status-publish","4":"has-post-thumbnail","6":"product_cat-sin-categorizar","8":"first","9":"onbackorder","10":"purchasable","11":"product-type-simple"},"yoast_head":"<!-- This site is optimized with the Yoast SEO plugin v26.0 - https:\/\/yoast.com\/wordpress\/plugins\/seo\/ -->\n<title>Kit Prolon Gen3 - Dr Juan David Aristizabal<\/title>\n<meta name=\"robots\" content=\"index, follow, max-snippet:-1, max-image-preview:large, max-video-preview:-1\" \/>\n<link rel=\"canonical\" href=\"https:\/\/tienda.drjuandavidaristizabal.com\/?product=kit-prolon-gen3\" \/>\n<meta property=\"og:locale\" content=\"es_MX\" \/>\n<meta property=\"og:type\" content=\"article\" \/>\n<meta property=\"og:title\" content=\"Kit Prolon Gen3 - Dr Juan David Aristizabal\" \/>\n<meta property=\"og:description\" content=\"ProLon\u00ae es un programa diet\u00e9tico de 5 d\u00edas cuidadosamente dise\u00f1ado para nutrir y rejuvenecer tu cuerpo, a la vez que promueve el equilibrio metab\u00f3lico. La&hellip;\" \/>\n<meta property=\"og:url\" content=\"https:\/\/tienda.drjuandavidaristizabal.com\/?product=kit-prolon-gen3\" \/>\n<meta property=\"og:site_name\" content=\"Dr Juan David Aristizabal\" \/>\n<meta property=\"article:modified_time\" content=\"2026-03-30T14:52:57+00:00\" \/>\n<meta property=\"og:image\" content=\"https:\/\/tienda.drjuandavidaristizabal.com\/wp-content\/uploads\/2025\/08\/Kit-Prolon-Gen3.png\" \/>\n\t<meta property=\"og:image:width\" content=\"1000\" \/>\n\t<meta property=\"og:image:height\" content=\"1000\" \/>\n\t<meta property=\"og:image:type\" content=\"image\/png\" \/>\n<meta name=\"twitter:card\" content=\"summary_large_image\" \/>\n<meta name=\"twitter:label1\" content=\"Tiempo de lectura\" \/>\n\t<meta name=\"twitter:data1\" content=\"2 minutos\" \/>\n<script type=\"application\/ld+json\" class=\"yoast-schema-graph\">{\"@context\":\"https:\/\/schema.org\",\"@graph\":[{\"@type\":\"WebPage\",\"@id\":\"https:\/\/tienda.drjuandavidaristizabal.com\/?product=kit-prolon-gen3\",\"url\":\"https:\/\/tienda.drjuandavidaristizabal.com\/?product=kit-prolon-gen3\",\"name\":\"Kit Prolon Gen3 - Dr Juan David Aristizabal\",\"isPartOf\":{\"@id\":\"https:\/\/tienda.drjuandavidaristizabal.com\/#website\"},\"primaryImageOfPage\":{\"@id\":\"https:\/\/tienda.drjuandavidaristizabal.com\/?product=kit-prolon-gen3#primaryimage\"},\"image\":{\"@id\":\"https:\/\/tienda.drjuandavidaristizabal.com\/?product=kit-prolon-gen3#primaryimage\"},\"thumbnailUrl\":\"https:\/\/tienda.drjuandavidaristizabal.com\/wp-content\/uploads\/2025\/08\/Kit-Prolon-Gen3.png\",\"datePublished\":\"2025-08-22T14:49:58+00:00\",\"dateModified\":\"2026-03-30T14:52:57+00:00\",\"breadcrumb\":{\"@id\":\"https:\/\/tienda.drjuandavidaristizabal.com\/?product=kit-prolon-gen3#breadcrumb\"},\"inLanguage\":\"es\",\"potentialAction\":[{\"@type\":\"ReadAction\",\"target\":[\"https:\/\/tienda.drjuandavidaristizabal.com\/?product=kit-prolon-gen3\"]}]},{\"@type\":\"ImageObject\",\"inLanguage\":\"es\",\"@id\":\"https:\/\/tienda.drjuandavidaristizabal.com\/?product=kit-prolon-gen3#primaryimage\",\"url\":\"https:\/\/tienda.drjuandavidaristizabal.com\/wp-content\/uploads\/2025\/08\/Kit-Prolon-Gen3.png\",\"contentUrl\":\"https:\/\/tienda.drjuandavidaristizabal.com\/wp-content\/uploads\/2025\/08\/Kit-Prolon-Gen3.png\",\"width\":1000,\"height\":1000},{\"@type\":\"BreadcrumbList\",\"@id\":\"https:\/\/tienda.drjuandavidaristizabal.com\/?product=kit-prolon-gen3#breadcrumb\",\"itemListElement\":[{\"@type\":\"ListItem\",\"position\":1,\"name\":\"Inicio\",\"item\":\"https:\/\/tienda.drjuandavidaristizabal.com\/\"},{\"@type\":\"ListItem\",\"position\":2,\"name\":\"Tienda\",\"item\":\"https:\/\/tienda.drjuandavidaristizabal.com\/?page_id=6\"},{\"@type\":\"ListItem\",\"position\":3,\"name\":\"Kit Prolon Gen3\"}]},{\"@type\":\"WebSite\",\"@id\":\"https:\/\/tienda.drjuandavidaristizabal.com\/#website\",\"url\":\"https:\/\/tienda.drjuandavidaristizabal.com\/\",\"name\":\"Dr Juan David Aristizabal\",\"description\":\"Tienda online\",\"publisher\":{\"@id\":\"https:\/\/tienda.drjuandavidaristizabal.com\/#organization\"},\"potentialAction\":[{\"@type\":\"SearchAction\",\"target\":{\"@type\":\"EntryPoint\",\"urlTemplate\":\"https:\/\/tienda.drjuandavidaristizabal.com\/?s={search_term_string}\"},\"query-input\":{\"@type\":\"PropertyValueSpecification\",\"valueRequired\":true,\"valueName\":\"search_term_string\"}}],\"inLanguage\":\"es\"},{\"@type\":\"Organization\",\"@id\":\"https:\/\/tienda.drjuandavidaristizabal.com\/#organization\",\"name\":\"Dr Juan David Aristizabal\",\"url\":\"https:\/\/tienda.drjuandavidaristizabal.com\/\",\"logo\":{\"@type\":\"ImageObject\",\"inLanguage\":\"es\",\"@id\":\"https:\/\/tienda.drjuandavidaristizabal.com\/#\/schema\/logo\/image\/\",\"url\":\"https:\/\/tienda.drjuandavidaristizabal.com\/wp-content\/uploads\/2020\/07\/Logo_JuanDavidAristizabal_2019PNG.png\",\"contentUrl\":\"https:\/\/tienda.drjuandavidaristizabal.com\/wp-content\/uploads\/2020\/07\/Logo_JuanDavidAristizabal_2019PNG.png\",\"width\":1200,\"height\":422,\"caption\":\"Dr Juan David Aristizabal\"},\"image\":{\"@id\":\"https:\/\/tienda.drjuandavidaristizabal.com\/#\/schema\/logo\/image\/\"}}]}<\/script>\n<!-- \/ Yoast SEO plugin. -->","yoast_head_json":{"title":"Kit Prolon Gen3 - Dr Juan David Aristizabal","robots":{"index":"index","follow":"follow","max-snippet":"max-snippet:-1","max-image-preview":"max-image-preview:large","max-video-preview":"max-video-preview:-1"},"canonical":"https:\/\/tienda.drjuandavidaristizabal.com\/?product=kit-prolon-gen3","og_locale":"es_MX","og_type":"article","og_title":"Kit Prolon Gen3 - Dr Juan David Aristizabal","og_description":"ProLon\u00ae es un programa diet\u00e9tico de 5 d\u00edas cuidadosamente dise\u00f1ado para nutrir y rejuvenecer tu cuerpo, a la vez que promueve el equilibrio metab\u00f3lico. La&hellip;","og_url":"https:\/\/tienda.drjuandavidaristizabal.com\/?product=kit-prolon-gen3","og_site_name":"Dr Juan David Aristizabal","article_modified_time":"2026-03-30T14:52:57+00:00","og_image":[{"width":1000,"height":1000,"url":"https:\/\/tienda.drjuandavidaristizabal.com\/wp-content\/uploads\/2025\/08\/Kit-Prolon-Gen3.png","type":"image\/png"}],"twitter_card":"summary_large_image","twitter_misc":{"Tiempo de lectura":"2 minutos"},"schema":{"@context":"https:\/\/schema.org","@graph":[{"@type":"WebPage","@id":"https:\/\/tienda.drjuandavidaristizabal.com\/?product=kit-prolon-gen3","url":"https:\/\/tienda.drjuandavidaristizabal.com\/?product=kit-prolon-gen3","name":"Kit Prolon Gen3 - Dr Juan David Aristizabal","isPartOf":{"@id":"https:\/\/tienda.drjuandavidaristizabal.com\/#website"},"primaryImageOfPage":{"@id":"https:\/\/tienda.drjuandavidaristizabal.com\/?product=kit-prolon-gen3#primaryimage"},"image":{"@id":"https:\/\/tienda.drjuandavidaristizabal.com\/?product=kit-prolon-gen3#primaryimage"},"thumbnailUrl":"https:\/\/tienda.drjuandavidaristizabal.com\/wp-content\/uploads\/2025\/08\/Kit-Prolon-Gen3.png","datePublished":"2025-08-22T14:49:58+00:00","dateModified":"2026-03-30T14:52:57+00:00","breadcrumb":{"@id":"https:\/\/tienda.drjuandavidaristizabal.com\/?product=kit-prolon-gen3#breadcrumb"},"inLanguage":"es","potentialAction":[{"@type":"ReadAction","target":["https:\/\/tienda.drjuandavidaristizabal.com\/?product=kit-prolon-gen3"]}]},{"@type":"ImageObject","inLanguage":"es","@id":"https:\/\/tienda.drjuandavidaristizabal.com\/?product=kit-prolon-gen3#primaryimage","url":"https:\/\/tienda.drjuandavidaristizabal.com\/wp-content\/uploads\/2025\/08\/Kit-Prolon-Gen3.png","contentUrl":"https:\/\/tienda.drjuandavidaristizabal.com\/wp-content\/uploads\/2025\/08\/Kit-Prolon-Gen3.png","width":1000,"height":1000},{"@type":"BreadcrumbList","@id":"https:\/\/tienda.drjuandavidaristizabal.com\/?product=kit-prolon-gen3#breadcrumb","itemListElement":[{"@type":"ListItem","position":1,"name":"Inicio","item":"https:\/\/tienda.drjuandavidaristizabal.com\/"},{"@type":"ListItem","position":2,"name":"Tienda","item":"https:\/\/tienda.drjuandavidaristizabal.com\/?page_id=6"},{"@type":"ListItem","position":3,"name":"Kit Prolon Gen3"}]},{"@type":"WebSite","@id":"https:\/\/tienda.drjuandavidaristizabal.com\/#website","url":"https:\/\/tienda.drjuandavidaristizabal.com\/","name":"Dr Juan David Aristizabal","description":"Tienda online","publisher":{"@id":"https:\/\/tienda.drjuandavidaristizabal.com\/#organization"},"potentialAction":[{"@type":"SearchAction","target":{"@type":"EntryPoint","urlTemplate":"https:\/\/tienda.drjuandavidaristizabal.com\/?s={search_term_string}"},"query-input":{"@type":"PropertyValueSpecification","valueRequired":true,"valueName":"search_term_string"}}],"inLanguage":"es"},{"@type":"Organization","@id":"https:\/\/tienda.drjuandavidaristizabal.com\/#organization","name":"Dr Juan David Aristizabal","url":"https:\/\/tienda.drjuandavidaristizabal.com\/","logo":{"@type":"ImageObject","inLanguage":"es","@id":"https:\/\/tienda.drjuandavidaristizabal.com\/#\/schema\/logo\/image\/","url":"https:\/\/tienda.drjuandavidaristizabal.com\/wp-content\/uploads\/2020\/07\/Logo_JuanDavidAristizabal_2019PNG.png","contentUrl":"https:\/\/tienda.drjuandavidaristizabal.com\/wp-content\/uploads\/2020\/07\/Logo_JuanDavidAristizabal_2019PNG.png","width":1200,"height":422,"caption":"Dr Juan David Aristizabal"},"image":{"@id":"https:\/\/tienda.drjuandavidaristizabal.com\/#\/schema\/logo\/image\/"}}]}},"_links":{"self":[{"href":"https:\/\/tienda.drjuandavidaristizabal.com\/index.php?rest_route=\/wp\/v2\/product\/8175","targetHints":{"allow":["GET"]}}],"collection":[{"href":"https:\/\/tienda.drjuandavidaristizabal.com\/index.php?rest_route=\/wp\/v2\/product"}],"about":[{"href":"https:\/\/tienda.drjuandavidaristizabal.com\/index.php?rest_route=\/wp\/v2\/types\/product"}],"wp:featuredmedia":[{"embeddable":true,"href":"https:\/\/tienda.drjuandavidaristizabal.com\/index.php?rest_route=\/wp\/v2\/media\/8176"}],"wp:attachment":[{"href":"https:\/\/tienda.drjuandavidaristizabal.com\/index.php?rest_route=%2Fwp%2Fv2%2Fmedia&parent=8175"}],"wp:term":[{"taxonomy":"product_brand","embeddable":true,"href":"https:\/\/tienda.drjuandavidaristizabal.com\/index.php?rest_route=%2Fwp%2Fv2%2Fproduct_brand&post=8175"},{"taxonomy":"product_cat","embeddable":true,"href":"https:\/\/tienda.drjuandavidaristizabal.com\/index.php?rest_route=%2Fwp%2Fv2%2Fproduct_cat&post=8175"},{"taxonomy":"product_tag","embeddable":true,"href":"https:\/\/tienda.drjuandavidaristizabal.com\/index.php?rest_route=%2Fwp%2Fv2%2Fproduct_tag&post=8175"}],"curies":[{"name":"wp","href":"https:\/\/api.w.org\/{rel}","templated":true}]}}